{"id":2,"date":"2025-05-05T01:08:39","date_gmt":"2025-05-04T23:08:39","guid":{"rendered":"http:\/\/kaiseki.blog\/?page_id=2"},"modified":"2025-08-03T12:13:49","modified_gmt":"2025-08-03T10:13:49","slug":"bienvenue-kaiseki-blog","status":"publish","type":"page","link":"https:\/\/kaiseki.blog\/","title":{"rendered":"Kaiseki.blog \u3078\u3088\u3046\u3053\u305d\ud83e\udd17"},"content":{"rendered":"\n<p class=\"has-small-font-size\"><strong>\u7af9\u5185\u5bff\u5e78\uff08Takeuchi Hisayuki\uff09\u3067\u3059\u3002<\/strong><\/p>\n\n\n\n<p>\u79c1\u306f\u3053\u308c\u307e\u3067\u3001\u65e5\u672c\u6599\u7406\u3001\u30d5\u30e9\u30f3\u30b9\u6599\u7406\u3001\u305d\u3057\u3066\u30d5\u30e9\u30f3\u30b9\u83d3\u5b50\u3068\u3001\u5e7e\u3064\u3082\u306e\u7570\u306a\u3063\u305f\u8abf\u7406\u5834\u3092\u65c5\u3092\u3057\u3066\u304d\u307e\u3057\u305f\u3002<br>\u706b\u3092\u8d77\u3053\u3059\u4e8b\u3092\u5b66\u3073\u3001\u6c34\u306e\u4e0d\u601d\u8b70\u3092\u77e5\u308a\u3001\u5b63\u7bc0\u3068\u5bfe\u8a71\u3057\u306a\u304c\u3089\u3001\u304a\u76bf\u306e\u4e0a\u306b\u201c\u4eca\u201d\u3068\u3044\u3046\u30a2\u30fc\u30c8\u3092\u8868\u73fe\u3057\u3066\u304d\u307e\u3057\u305f\u3002<\/p>\n\n\n\n<p>\u6599\u7406\u3068\u306f\u3001\u5358\u306b\u7d20\u6750\u3092\u6271\u3046\u3053\u3068\u3067\u306f\u306a\u304f\u3001<strong>\u81ea\u7136\u3092\u524d\u306b\u3057\u3066\u5fc3\u3067\u3057\u3063\u304b\u308a\u3068\u5411\u304d\u5408\u3046\u3053\u3068<\/strong>\u3060\u3068\u3001\u79c1\u306f\u601d\u3063\u3066\u3044\u307e\u3059\u3002\u305d\u3057\u3066\u305d\u308c\u304c\u6700\u3082\u7aef\u7684\u306b\u3001\u30b7\u30f3\u30d7\u30eb\u306b\u3001\u305d\u3057\u3066\u7f8e\u3057\u304f\u73fe\u308c\u308b\u306e\u304c<strong>Kaiseki<\/strong>\u300c\u4f1a\u5e2d\u3001\u61d0\u77f3\u3001\u304b\u3044\u305b\u304d\u300d\u2500\u2500\u306e\u4e16\u754c\u3060\u3068\u601d\u3063\u3066\u3044\u307e\u3059\u3002<\/p>\n\n\n\n<p>\u3072\u3068\u76bf\u306e\u4e2d\u306b\u56db\u5b63\u3068\u8272\u304c\u3042\u308a\u3001\u4f59\u767d\u306b\u5b87\u5b99\u304c\u3001\u305d\u3057\u3066\u732e\u7acb\u306e\u6d41\u308c\u306e\u4e2d\u306b\u3001\u4eba\u306e\u751f\u304d\u308b\u59ff\u304c\u6620\u308b\u3002\u3053\u308c\u306f\u6280\u8853\u306e\u8a71\u3060\u3051\u3067\u306f\u3042\u308a\u307e\u305b\u3093\u3002\u65e5\u672c\u4eba\u306e\u7cbe\u795e\u306e\u304a\u8a71\u3067\u3059\u3002\u98df\u3079\u308b\u4eba\u306e\u547c\u5438\u3068\u3001\u5275\u308b\u4eba\u306e\u547c\u5438\u304c\u3001\u9759\u304b\u306b\u5171\u9cf4\u3059\u308b\u3088\u3046\u306a\u3001\u4e00\u671f\u4e00\u4f1a\u306e\u5fc3\u306e\u8a69\u306e\u3088\u3046\u306a\u3082\u306e\u3002<\/p>\n\n\n\n<p>\u3053\u306e\u30d6\u30ed\u30b0\u3067\u306f\u3001\u98df\u306b\u8208\u5473\u304c\u3042\u308b\u5168\u3066\u306e\u4eba\u305f\u3061\u3068\u5171\u6709\u3057\u3066\u3044\u304d\u305f\u3044\u3068\u8a00\u3046\u601d\u3044\u304b\u3089\u3001\u3053\u306e\u30d6\u30ed\u30b0\u3092\u59cb\u3081\u308b\u3053\u3068\u306b\u3057\u307e\u3057\u305f\u3002<br>\u307e\u305f\u3001<strong>Kaiseki<\/strong>\u306e\u4f1d\u7d71\u7684\u306a\u30b9\u30bf\u30a4\u30eb\u3092\u5927\u5207\u306b\u3057\u306a\u304c\u3089\u306a\u304c\u3089\u3001<a href=\"https:\/\/www.bimishido.fr\/ramentabi\"><strong>\u672a\u6765\u306b\u5411\u3051\u3066<\/strong><\/a>\u65b0\u3057<strong>Kaiseki<\/strong>\u3092\u767a\u4fe1\u3057\u3066\u3044\u304d\u305f\u3044\u3068\u601d\u3063\u3066\u307e\u3059\u3002<\/p>\n\n\n\n<p>\u3053\u306eKaiseki.blog\u304c\u3001\u3042\u306a\u305f\u81ea\u8eab\u306e\u201c\u5473\u899a\u306e\u65c5\u201d\u306e\u306f\u3058\u307e\u308a\u3068\u306a\u308c\u3070\u5b09\u3057\u304f\u601d\u3044\u307e\u3059\u3002<\/p>\n\n\n\n<p><br><strong>\u5473\u306e\u8a18\u61b6\u306f\u904e\u53bb\u304b\u3089\u306e\u672a\u6765\u3078\u306e\u30e1\u30c3\u30bb\u30fc\u30b8\u3067\u3042\u308b\u3002<\/strong><\/p>\n\n\n\n<p><strong>Chef Hissa<\/strong><\/p>\n\n\n\n<p>\u3055\u3042\u3001<a href=\"https:\/\/www.bimishido.fr\/ramentabi\">\u4e00\u7dd2\u306b\u5473\u308f\u3063\u3066\u3044\u304d\u307e\u3057\u3087\u3046<\/a>\u3002<\/p>\n\n\n<div class=\"wp-block-image is-style-default\">\n<figure class=\"aligncenter size-full is-resized\"><img loading=\"lazy\" decoding=\"async\" width=\"1588\" height=\"1456\" src=\"https:\/\/kaiseki.blog\/wp-content\/uploads\/2025\/05\/IMG_0135.jpg\" alt=\"\" class=\"wp-image-57\" style=\"width:548px;height:auto\" srcset=\"https:\/\/kaiseki.blog\/wp-content\/uploads\/2025\/05\/IMG_0135.jpg 1588w, https:\/\/kaiseki.blog\/wp-content\/uploads\/2025\/05\/IMG_0135-300x275.jpg 300w, https:\/\/kaiseki.blog\/wp-content\/uploads\/2025\/05\/IMG_0135-1024x939.jpg 1024w, https:\/\/kaiseki.blog\/wp-content\/uploads\/2025\/05\/IMG_0135-768x704.jpg 768w, https:\/\/kaiseki.blog\/wp-content\/uploads\/2025\/05\/IMG_0135-1536x1408.jpg 1536w\" sizes=\"auto, (max-width: 1588px) 100vw, 1588px\" \/><\/figure>\n<\/div>\n\n\n<p>\u5fd7\u91ce\u713c\u304d\u8336\u7897\u3000<strong>\u8352\u5ddd\u3055\u3093\u306e\u4f5c\u54c1<\/strong><\/p>\n\n\n\n<h5 class=\"wp-block-heading has-text-align-center\">\u30b7\u30a7\u30d5\u7af9\u5185\u5bff\u5e78\uff08Takeuchi Hisayuki\uff09 \u7565\u6b74<\/h5>\n\n\n\n<p> \u611b\u5a9b\u770c\u897f\u4e88\u5e02\u306e\u5c71\u5965\u306e\u8fb2\u5bb6\u306b\u751f\u307e\u308c\u3001\u5e7c\u5c11\u671f\u3088\u308a\u81ea\u3089\u306e\u624b\u3067\u91ce\u83dc\u3084\u7c73\u3092\u80b2\u3066\u308b\u4f53\u9a13\u3092\u901a\u3058\u3066\u3001\u98df\u6750\u306e\u672c\u8cea\u3092\u5b66\u3070\u308c\u307e\u3057\u305f\u300214\u6b73\u3067\u4eca\u6cbb\u306b\u3066\u897f\u6d0b\u6599\u7406\u306e\u4fee\u696d\u3092\u958b\u59cb\u5f8c\u3001\u6771\u4eac\u3078\u4e0a\u4eac\u3002\u6c34\u53e3\u591a\u559c\u7537\u30b7\u30a7\u30d5\u306e\u30d5\u30e9\u30f3\u30b9\u6599\u7406\u5e97\u306b\u3066\u5168\u30dd\u30b9\u30c8\u3092\u7d4c\u9a13\u3057\u3001\u30b7\u30a7\u30d5\u3078\u3068\u6607\u9032\u3055\u308c\u307e\u3057\u305f\u3002\u540c\u6642\u306b\u3001\u9234\u6728\u4e00\u516b\u30b7\u30a7\u30d5\u30d1\u30c6\u30a3\u30b7\u30a8\u306e\u4e0b\u3067\u6d0b\u83d3\u5b50\u306e\u6280\u8853\u3092\u7814\u947d\u30021985\u5e74\u306b\u6e21\u4ecf\u3057\u3001\u65e5\u672c\u98df\u30ec\u30b9\u30c8\u30e9\u30f3\u3084\u30d5\u30e9\u30f3\u30b9\u6599\u7406\u5e97\u3067\u6d3b\u8e8d\u30021999\u5e74\u306b\u306f\u30d1\u30ea15\u533a\u306b\u300cKAISEKI \u4f1a\u5e2d\u300d\u3092\u30aa\u30fc\u30d7\u30f3\u3057\u3001\u65e5\u672c\u306e\u61d0\u77f3\u6587\u5316\u3092\u9769\u65b0\u7684\u306b\u518d\u5b9a\u7fa9\u3001\u696d\u754c\u306b\u5927\u304d\u306a\u8a71\u984c\u3092\u547c\u3073\u307e\u3057\u305f\u3002<\/p>\n\n\n\n<hr class=\"wp-block-separator has-alpha-channel-opacity\"\/>\n\n\n\n<h5 class=\"wp-block-heading\">\u6599\u7406\u54f2\u5b66<\/h5>\n\n\n\n<ul class=\"wp-block-list\">\n<li><strong>\u6c38\u7d9a\u7684\u306a\u5275\u9020\u3068\u7f8e\u5b66<\/strong><br>\u5668\u304b\u3089\u4e00\u54c1\u4e00\u54c1\u306e\u76db\u308a\u4ed8\u3051\u307e\u3067\u3001\u7121\u9650\u306b\u66f4\u65b0\u3055\u308c\u308b\u7f8e\u5b66\u3068\u8abf\u548c\u3092\u8ffd\u6c42\u3002<\/li>\n\n\n\n<li><strong>\u7d20\u6750\u3078\u306e\u656c\u610f<\/strong><br>\u7121\u8fb2\u85ac\u91ce\u83dc\u3001\u6709\u6a5f\u98df\u6750\u3001\u5b63\u7bc0\u306e\u65ec\u9b5a\u3092\u53b3\u9078\u3057\u3001\u300c\u547d\u306e\u606f\u5439\u300d\u3092\u76bf\u306e\u4e0a\u306b\u6620\u3057\u51fa\u3057\u307e\u3059\u3002<\/li>\n\n\n\n<li><strong>\u548c\u3068\u4ecf\u306e\u878d\u5408<\/strong><br>\u62b9\u8336\u3068\u30aa\u30ea\u30fc\u30d6\u30aa\u30a4\u30eb\u306e\u30bd\u30fc\u30b9\u3001Maki Pikapika\uff08\u30de\u30f3\u30b4\u30fc\u00d7\u6728\u82fa\u306e\u9bad\u5dfb\uff09\u306a\u3069\u3001\u4f1d\u7d71\u3092\u5c0a\u91cd\u3057\u3064\u3064\u65b0\u305f\u306a\u5473\u899a\u4f53\u9a13\u3092\u5275\u9020\u3002<\/li>\n\n\n\n<li><strong>\u30d1\u30d5\u30a9\u30fc\u30de\u30f3\u30b9\u3068\u3057\u3066\u306e\u6599\u7406<\/strong>\u82b8\u8853<br>\u30aa\u30fc\u30d7\u30f3\u30ad\u30c3\u30c1\u30f3\u306b\u304a\u3051\u308b\u8abf\u7406\u306e\u6240\u4f5c\u306b\u3082\u30a2\u30fc\u30c8\u6027\u3092\u6301\u305f\u305b\u3001\u4e94\u611f\u3067\u697d\u3057\u3080\u300c\u98df\u306e\u821e\u53f0\u82b8\u8853\u300d\u3092\u63d0\u5531\u3002\u30d3\u30c7\u30aa\u3068\u97f3\u697d\u3001\u305d\u3057\u3066\u6599\u7406\u306e\u6280\u3092\u4e00\u3064\u306e\u30d1\u30d5\u30a9\u30fc\u30de\u30f3\u30b9\u3068\u3057\u3066\u30d1\u30ea\u3067\u521d\u3081\u3066\u7d39\u4ecb\u3001\u5b9f\u8df5\u3057\u305f\u6599\u7406\u4eba\u3067\u3082\u3042\u308b\u3002<\/li>\n<\/ul>\n\n\n\n<hr class=\"wp-block-separator has-alpha-channel-opacity\"\/>\n\n\n\n<h5 class=\"wp-block-heading\">\u30d1\u30ea\u3067\u306e\u4e3b\u306a\u6d3b\u52d5\u5b9f\u7e3e<\/h5>\n\n\n\n<div class=\"wp-block-group is-nowrap is-layout-flex wp-container-core-group-is-layout-ad2f72ca wp-block-group-is-layout-flex\">\n<ol class=\"wp-block-list\">\n<li><strong>\u300ckaiseki-sushi\u300d\uff081999\u5e74\u958b\u696d\uff09<\/strong>\n<ul class=\"wp-block-list\">\n<li>\u30d5\u30e9\u30f3\u30b9\u521d\u306e\u30aa\u30fc\u30d7\u30f3\u30ad\u30c3\u30c1\u30f3\uff4b\uff41\uff49\uff53\uff45\uff4b\uff49\u30ec\u30b9\u30c8\u30e9\u30f3\u3002<\/li>\n\n\n\n<li>\u30df\u30cb\u30de\u30e0\u306a\u4f98\u3073\u5bc2\u3073\u5185\u88c5\u300118\u5e2d\u9650\u5b9a\u30fb\u81ea\u7136\u6d3e\u30ef\u30a4\u30f3\u4f75\u8a2d\u3002<\/li>\n<\/ul>\n<\/li>\n\n\n\n<li><strong>\u300c<a href=\"https:\/\/www.bimishido.fr\/sushipourlasante\">\u30a8\u30b3\u30fc\u30eb\u30fb\u30c9\u5bff\u53f8\u3000\u30a2\u30ab\u30c7\u30df\u30fc\u7f8e\u5473\u3057\u9053\u300d<\/a>\uff082001\u5e74\u958b\u6821\uff09<\/strong><\/li>\n\n\n\n<li><strong>\u300cKaiseki-Bento\u300d\uff082008\u5e74\u3001\u30b7\u30e3\u30f3\u30bc\u30ea\u30bc\u901a\u308a\uff09<\/strong>\n<ul class=\"wp-block-list\">\n<li>\u30c8\u30e8\u30bf\u30b7\u30e7\u30fc\u30eb\u30fc\u30e0\u5185\u306b\u9ad8\u7d1a\u5f01\u5f53\u30b5\u30ed\u30f3\u3092\u30aa\u30fc\u30d7\u30f3\u3002<\/li>\n\n\n\n<li>\u30aa\u30ea\u30b8\u30ca\u30eb\u91cd\u7bb1\u30c7\u30b6\u30a4\u30f3\u306b\u3088\u308b\u65b0\u3057\u3044\u548c\u5f01\u5f53\u6587\u5316\u3092\u78ba\u7acb\u3002<\/li>\n<\/ul>\n<\/li>\n\n\n\n<li><strong>\u30b5\u30ed\u30f3\u30fb\u30c9\u30fb\u30c6\u300cSalon de T\u00a9\u300d\u958b\u767a<\/strong>\n<ul class=\"wp-block-list\">\n<li>\u65e5\u672c\u8336\u3068\u548c\u30b9\u30a4\u30fc\u30c4\u3092\u878d\u5408\u3057\u305f\u30b5\u30ed\u30f3\u3092\u5c55\u958b\u3002<\/li>\n<\/ul>\n<\/li>\n\n\n\n<li><strong>\u30e1\u30c7\u30a3\u30a2\u30fb<a href=\"https:\/\/www.instagram.com\/hissa_take_uchi\/\">\u30b3\u30e9\u30dc\u30ec\u30fc\u30b7\u30e7\u30f3<\/a><\/strong>\n<ul class=\"wp-block-list\">\n<li>\u30d5\u30e9\u30f3\u30b9\u4e3b\u8981\u30b0\u30eb\u30e1\u8a8c\u3084\u30c6\u30ec\u30d3\u756a\u7d44\u306b\u591a\u6570\u51fa\u6f14\u3002<\/li>\n\n\n\n<li>\u30d5\u30a1\u30c3\u30b7\u30e7\u30f3\u30d6\u30e9\u30f3\u30c9\u3068\u306e\u30b3\u30e9\u30dc\u30dd\u30c3\u30d7\u30a2\u30c3\u30d7\u3084\u30a4\u30d9\u30f3\u30c8\u30d7\u30ed\u30c7\u30e5\u30fc\u30b9\u3002<\/li>\n<\/ul>\n<\/li>\n\n\n\n<li><strong><a href=\"https:\/\/www.instagram.com\/art_by_hissa\/?hl=en&amp;utm_source=chatgpt.com\">\u30a2\u30fc\u30c8\u6d3b\u52d5<\/a><\/strong>\u3000\u81ea\u3089\u306e\u4f5c\u54c1\u306e\u500b\u5c55\u3082\u958b\u3044\u3066\u3044\u308b\u3002<\/li>\n\n\n\n<li>Chef Hissa\u306e<strong>\u7f8e\u5473\u3057\u9053\u5834<\/strong><a href=\"https:\/\/www.youtube.com\/channel\/UC-0QsYq1HgBTSbJySZTJVMA\">youtube<\/a><\/li>\n<\/ol>\n<\/div>\n\n\n\n<figure class=\"wp-block-embed is-type-video is-provider-youtube wp-block-embed-youtube wp-embed-aspect-16-9 wp-has-aspect-ratio\"><div class=\"wp-block-embed__wrapper\">\n<iframe loading=\"lazy\" title=\"\u30d5\u30e9\u30f3\u30b9\u6599\u7406\u306e\u30bd\u30fc\u30b9 #\u30ac\u30b9\u30c8\u30ed\u30ce\u30df\u30fc \u3000#\u30bd\u30fc\u30b9\u3000#\u7f8e\u5473\u3057\u9053\u5834\" width=\"840\" height=\"473\" src=\"https:\/\/www.youtube.com\/embed\/videoseries?list=PLObvMaTnm7s-_4WZHPL5QbSTE1JtpLAZS\" frameborder=\"0\" allow=\"accelerometer; autoplay; clipboard-write; encrypted-media; gyroscope; picture-in-picture; web-share\" referrerpolicy=\"strict-origin-when-cross-origin\" allowfullscreen><\/iframe>\n<\/div><\/figure>\n","protected":false},"excerpt":{"rendered":"<p>\u7af9\u5185\u5bff\u5e78\uff08Takeuchi Hisayuki\uff09\u3067\u3059\u3002 \u79c1\u306f\u3053\u308c\u307e\u3067\u3001\u65e5\u672c\u6599\u7406\u3001\u30d5\u30e9\u30f3\u30b9\u6599\u7406\u3001\u305d\u3057\u3066\u30d5\u30e9\u30f3\u30b9\u83d3\u5b50\u3068\u3001\u5e7e\u3064\u3082\u306e\u7570\u306a\u3063\u305f\u8abf\u7406\u5834\u3092\u65c5\u3092\u3057\u3066\u304d\u307e\u3057\u305f\u3002\u706b\u3092\u8d77\u3053\u3059\u4e8b\u3092\u5b66\u3073\u3001\u6c34\u306e\u4e0d\u601d\u8b70\u3092\u77e5\u308a\u3001\u5b63\u7bc0\u3068\u5bfe\u8a71\u3057\u306a\u304c\u3089\u3001\u304a\u76bf\u306e\u4e0a\u306b\u201c\u4eca\u201d\u3068\u3044\u3046\u30a2\u30fc\u30c8\u3092\u8868\u73fe\u3057\u3066\u304d\u307e\u3057\u305f\u3002 \u6599\u7406\u3068\u306f\u3001\u5358\u306b\u7d20\u6750\u3092\u6271\u3046\u3053\u3068\u3067\u306f\u306a\u304f\u3001\u81ea\u7136\u3092\u524d\u306b\u3057\u3066\u5fc3\u3067\u3057\u3063\u304b\u308a\u3068\u5411\u304d\u5408\u3046\u3053\u3068\u3060\u3068\u3001\u79c1\u306f\u601d\u3063\u3066\u3044\u307e\u3059\u3002\u305d\u3057\u3066\u305d\u308c\u304c\u6700\u3082\u7aef\u7684\u306b\u3001\u30b7\u30f3\u30d7\u30eb\u306b\u3001\u305d\u3057\u3066\u7f8e\u3057\u304f\u73fe\u308c\u308b\u306e\u304cKaiseki\u300c\u4f1a\u5e2d\u3001\u61d0\u77f3\u3001\u304b\u3044\u305b\u304d\u300d\u2500\u2500\u306e\u4e16\u754c\u3060\u3068\u601d\u3063\u3066\u3044\u307e\u3059\u3002 \u3072\u3068\u76bf\u306e\u4e2d\u306b\u56db\u5b63\u3068\u8272\u304c\u3042\u308a\u3001\u4f59\u767d\u306b\u5b87\u5b99\u304c\u3001\u305d\u3057\u3066\u732e\u7acb\u306e\u6d41\u308c\u306e\u4e2d\u306b\u3001\u4eba\u306e\u751f\u304d\u308b\u59ff\u304c\u6620\u308b\u3002\u3053\u308c\u306f\u6280\u8853\u306e\u8a71\u3060\u3051\u3067\u306f\u3042\u308a\u307e\u305b\u3093\u3002\u65e5\u672c\u4eba\u306e\u7cbe\u795e\u306e\u304a\u8a71\u3067\u3059\u3002\u98df\u3079\u308b\u4eba\u306e\u547c\u5438\u3068\u3001\u5275\u308b\u4eba\u306e\u547c\u5438\u304c\u3001\u9759\u304b\u306b\u5171\u9cf4\u3059\u308b\u3088\u3046\u306a\u3001\u4e00\u671f\u4e00\u4f1a\u306e\u5fc3\u306e\u8a69\u306e\u3088\u3046\u306a\u3082\u306e\u3002 \u3053\u306e\u30d6\u30ed\u30b0\u3067\u306f\u3001\u98df\u306b\u8208\u5473\u304c\u3042\u308b\u5168\u3066\u306e\u4eba\u305f\u3061\u3068\u5171\u6709\u3057\u3066\u3044\u304d\u305f\u3044\u3068\u8a00\u3046\u601d\u3044\u304b\u3089\u3001\u3053\u306e\u30d6\u30ed\u30b0\u3092\u59cb\u3081\u308b\u3053\u3068\u306b\u3057\u307e\u3057\u305f\u3002\u307e\u305f\u3001Kaiseki\u306e\u4f1d\u7d71\u7684\u306a\u30b9\u30bf\u30a4\u30eb\u3092\u5927\u5207\u306b\u3057\u306a\u304c\u3089\u306a\u304c\u3089\u3001\u672a\u6765\u306b\u5411\u3051\u3066\u65b0\u3057Kaiseki\u3092\u767a\u4fe1\u3057\u3066\u3044\u304d\u305f\u3044\u3068\u601d\u3063\u3066\u307e\u3059\u3002 \u3053\u306eKaiseki.blog\u304c\u3001\u3042\u306a\u305f\u81ea\u8eab\u306e\u201c\u5473\u899a\u306e\u65c5\u201d\u306e\u306f\u3058\u307e\u308a\u3068\u306a\u308c\u3070\u5b09\u3057\u304f\u601d\u3044\u307e\u3059\u3002 \u5473\u306e\u8a18\u61b6\u306f\u904e\u53bb\u304b\u3089\u306e\u672a\u6765\u3078\u306e\u30e1\u30c3\u30bb\u30fc\u30b8\u3067\u3042\u308b\u3002 Chef Hissa \u3055\u3042\u3001\u4e00\u7dd2\u306b\u5473\u308f\u3063\u3066\u3044\u304d\u307e\u3057\u3087\u3046\u3002 \u5fd7\u91ce\u713c\u304d\u8336\u7897\u3000\u8352\u5ddd\u3055\u3093\u306e\u4f5c\u54c1 \u30b7\u30a7\u30d5\u7af9\u5185\u5bff\u5e78\uff08Takeuchi Hisayuki\uff09 \u7565\u6b74 \u611b\u5a9b\u770c\u897f\u4e88\u5e02\u306e\u5c71\u5965\u306e\u8fb2\u5bb6\u306b\u751f\u307e\u308c\u3001\u5e7c\u5c11\u671f\u3088\u308a\u81ea\u3089\u306e\u624b\u3067\u91ce\u83dc\u3084\u7c73\u3092\u80b2\u3066\u308b\u4f53\u9a13\u3092\u901a\u3058\u3066\u3001\u98df\u6750\u306e\u672c\u8cea\u3092\u5b66\u3070\u308c\u307e\u3057\u305f\u300214\u6b73\u3067\u4eca\u6cbb\u306b\u3066\u897f\u6d0b\u6599\u7406\u306e\u4fee\u696d\u3092\u958b\u59cb\u5f8c\u3001\u6771\u4eac\u3078\u4e0a\u4eac\u3002\u6c34\u53e3\u591a\u559c\u7537\u30b7\u30a7\u30d5\u306e\u30d5\u30e9\u30f3\u30b9\u6599\u7406\u5e97\u306b\u3066\u5168\u30dd\u30b9\u30c8\u3092\u7d4c\u9a13\u3057\u3001\u30b7\u30a7\u30d5\u3078\u3068\u6607\u9032\u3055\u308c\u307e\u3057\u305f\u3002\u540c\u6642\u306b\u3001\u9234\u6728\u4e00\u516b\u30b7\u30a7\u30d5\u30d1\u30c6\u30a3\u30b7\u30a8\u306e\u4e0b\u3067\u6d0b\u83d3\u5b50\u306e\u6280\u8853\u3092\u7814\u947d\u30021985\u5e74\u306b\u6e21\u4ecf\u3057\u3001\u65e5\u672c\u98df\u30ec\u30b9\u30c8\u30e9\u30f3\u3084\u30d5\u30e9\u30f3\u30b9\u6599\u7406\u5e97\u3067\u6d3b\u8e8d\u30021999\u5e74\u306b\u306f\u30d1\u30ea15\u533a\u306b\u300cKAISEKI \u4f1a\u5e2d\u300d\u3092\u30aa\u30fc\u30d7\u30f3\u3057\u3001\u65e5\u672c\u306e\u61d0\u77f3\u6587\u5316\u3092\u9769\u65b0\u7684\u306b\u518d\u5b9a\u7fa9\u3001\u696d\u754c\u306b\u5927\u304d\u306a\u8a71\u984c\u3092\u547c\u3073\u307e\u3057\u305f\u3002 \u6599\u7406\u54f2\u5b66 \u30d1\u30ea\u3067\u306e\u4e3b\u306a\u6d3b\u52d5\u5b9f\u7e3e<\/p>\n","protected":false},"author":1,"featured_media":0,"parent":0,"menu_order":0,"comment_status":"closed","ping_status":"open","template":"","meta":{"footnotes":""},"class_list":["post-2","page","type-page","status-publish","hentry"],"yoast_head":"<!-- This site is optimized with the Yoast SEO plugin v27.3 - https:\/\/yoast.com\/product\/yoast-seo-wordpress\/ -->\n<title>Kaiseki.blog \u3078\u3088\u3046\u3053\u305d\ud83e\udd17 - Kaiseki.blog\u306b\u3088\u3046\u3053\u305d\ud83e\udd17<\/title>\n<meta name=\"description\" content=\"Les festins d&#039;Hissa - Un chef japonais r\u00e9invente la cuisine \u00e0 ParisD\u00e9couvrez l\u2019univers culinaire de Hisayuki Takeuchi \u00e0 travers des recettes in\u00e9dites, sculptures de fruits et ateliers japonais.\" \/>\n<meta name=\"robots\" content=\"index, follow, max-snippet:-1, max-image-preview:large, max-video-preview:-1\" \/>\n<link rel=\"canonical\" href=\"https:\/\/kaiseki.blog\/\" \/>\n<meta property=\"og:locale\" content=\"fr_FR\" \/>\n<meta property=\"og:type\" content=\"article\" \/>\n<meta property=\"og:title\" content=\"Kaiseki.blog \u3078\u3088\u3046\u3053\u305d\ud83e\udd17 - Kaiseki.blog\u306b\u3088\u3046\u3053\u305d\ud83e\udd17\" \/>\n<meta property=\"og:description\" content=\"Les festins d&#039;Hissa - Un chef japonais r\u00e9invente la cuisine \u00e0 ParisD\u00e9couvrez l\u2019univers culinaire de Hisayuki Takeuchi \u00e0 travers des recettes in\u00e9dites, sculptures de fruits et ateliers japonais.\" \/>\n<meta property=\"og:url\" content=\"https:\/\/kaiseki.blog\/\" \/>\n<meta property=\"og:site_name\" content=\"Kaiseki.blog\u306b\u3088\u3046\u3053\u305d\ud83e\udd17\" \/>\n<meta property=\"article:modified_time\" content=\"2025-08-03T10:13:49+00:00\" \/>\n<meta name=\"twitter:card\" content=\"summary_large_image\" \/>\n<meta name=\"twitter:label1\" content=\"Dur\u00e9e de lecture estim\u00e9e\" \/>\n\t<meta name=\"twitter:data1\" content=\"1 minute\" \/>\n<script type=\"application\/ld+json\" class=\"yoast-schema-graph\">{\"@context\":\"https:\\\/\\\/schema.org\",\"@graph\":[{\"@type\":\"WebPage\",\"@id\":\"https:\\\/\\\/kaiseki.blog\\\/\",\"url\":\"https:\\\/\\\/kaiseki.blog\\\/\",\"name\":\"Kaiseki.blog \u3078\u3088\u3046\u3053\u305d\ud83e\udd17 - Kaiseki.blog\u306b\u3088\u3046\u3053\u305d\ud83e\udd17\",\"isPartOf\":{\"@id\":\"https:\\\/\\\/kaiseki.blog\\\/#website\"},\"primaryImageOfPage\":{\"@id\":\"https:\\\/\\\/kaiseki.blog\\\/#primaryimage\"},\"image\":{\"@id\":\"https:\\\/\\\/kaiseki.blog\\\/#primaryimage\"},\"thumbnailUrl\":\"https:\\\/\\\/kaiseki.blog\\\/wp-content\\\/uploads\\\/2025\\\/05\\\/IMG_0135.jpg\",\"datePublished\":\"2025-05-04T23:08:39+00:00\",\"dateModified\":\"2025-08-03T10:13:49+00:00\",\"description\":\"Les festins d'Hissa - Un chef japonais r\u00e9invente la cuisine \u00e0 ParisD\u00e9couvrez l\u2019univers culinaire de Hisayuki Takeuchi \u00e0 travers des recettes in\u00e9dites, sculptures de fruits et ateliers japonais.\",\"breadcrumb\":{\"@id\":\"https:\\\/\\\/kaiseki.blog\\\/#breadcrumb\"},\"inLanguage\":\"fr-FR\",\"potentialAction\":[{\"@type\":\"ReadAction\",\"target\":[\"https:\\\/\\\/kaiseki.blog\\\/\"]}]},{\"@type\":\"ImageObject\",\"inLanguage\":\"fr-FR\",\"@id\":\"https:\\\/\\\/kaiseki.blog\\\/#primaryimage\",\"url\":\"https:\\\/\\\/kaiseki.blog\\\/wp-content\\\/uploads\\\/2025\\\/05\\\/IMG_0135.jpg\",\"contentUrl\":\"https:\\\/\\\/kaiseki.blog\\\/wp-content\\\/uploads\\\/2025\\\/05\\\/IMG_0135.jpg\",\"width\":1588,\"height\":1456},{\"@type\":\"BreadcrumbList\",\"@id\":\"https:\\\/\\\/kaiseki.blog\\\/#breadcrumb\",\"itemListElement\":[{\"@type\":\"ListItem\",\"position\":1,\"name\":\"Accueil\",\"item\":\"https:\\\/\\\/kaiseki.blog\\\/\"},{\"@type\":\"ListItem\",\"position\":2,\"name\":\"Kaiseki.blog \u3078\u3088\u3046\u3053\u305d\ud83e\udd17\"}]},{\"@type\":\"WebSite\",\"@id\":\"https:\\\/\\\/kaiseki.blog\\\/#website\",\"url\":\"https:\\\/\\\/kaiseki.blog\\\/\",\"name\":\"Kaiseki.blog\",\"description\":\"Long\u00e9vit\u00e9-Bonheur !\",\"publisher\":{\"@id\":\"https:\\\/\\\/kaiseki.blog\\\/#organization\"},\"potentialAction\":[{\"@type\":\"SearchAction\",\"target\":{\"@type\":\"EntryPoint\",\"urlTemplate\":\"https:\\\/\\\/kaiseki.blog\\\/?s={search_term_string}\"},\"query-input\":{\"@type\":\"PropertyValueSpecification\",\"valueRequired\":true,\"valueName\":\"search_term_string\"}}],\"inLanguage\":\"fr-FR\"},{\"@type\":\"Organization\",\"@id\":\"https:\\\/\\\/kaiseki.blog\\\/#organization\",\"name\":\"Kaiseki.blog\",\"url\":\"https:\\\/\\\/kaiseki.blog\\\/\",\"logo\":{\"@type\":\"ImageObject\",\"inLanguage\":\"fr-FR\",\"@id\":\"https:\\\/\\\/kaiseki.blog\\\/#\\\/schema\\\/logo\\\/image\\\/\",\"url\":\"http:\\\/\\\/kaiseki.blog\\\/wp-content\\\/uploads\\\/2025\\\/05\\\/logoZaza.png\",\"contentUrl\":\"http:\\\/\\\/kaiseki.blog\\\/wp-content\\\/uploads\\\/2025\\\/05\\\/logoZaza.png\",\"width\":559,\"height\":571,\"caption\":\"Kaiseki.blog\"},\"image\":{\"@id\":\"https:\\\/\\\/kaiseki.blog\\\/#\\\/schema\\\/logo\\\/image\\\/\"}}]}<\/script>\n<!-- \/ Yoast SEO plugin. -->","yoast_head_json":{"title":"Kaiseki.blog \u3078\u3088\u3046\u3053\u305d\ud83e\udd17 - Kaiseki.blog\u306b\u3088\u3046\u3053\u305d\ud83e\udd17","description":"Les festins d'Hissa - Un chef japonais r\u00e9invente la cuisine \u00e0 ParisD\u00e9couvrez l\u2019univers culinaire de Hisayuki Takeuchi \u00e0 travers des recettes in\u00e9dites, sculptures de fruits et ateliers japonais.","robots":{"index":"index","follow":"follow","max-snippet":"max-snippet:-1","max-image-preview":"max-image-preview:large","max-video-preview":"max-video-preview:-1"},"canonical":"https:\/\/kaiseki.blog\/","og_locale":"fr_FR","og_type":"article","og_title":"Kaiseki.blog \u3078\u3088\u3046\u3053\u305d\ud83e\udd17 - Kaiseki.blog\u306b\u3088\u3046\u3053\u305d\ud83e\udd17","og_description":"Les festins d'Hissa - Un chef japonais r\u00e9invente la cuisine \u00e0 ParisD\u00e9couvrez l\u2019univers culinaire de Hisayuki Takeuchi \u00e0 travers des recettes in\u00e9dites, sculptures de fruits et ateliers japonais.","og_url":"https:\/\/kaiseki.blog\/","og_site_name":"Kaiseki.blog\u306b\u3088\u3046\u3053\u305d\ud83e\udd17","article_modified_time":"2025-08-03T10:13:49+00:00","twitter_card":"summary_large_image","twitter_misc":{"Dur\u00e9e de lecture estim\u00e9e":"1 minute"},"schema":{"@context":"https:\/\/schema.org","@graph":[{"@type":"WebPage","@id":"https:\/\/kaiseki.blog\/","url":"https:\/\/kaiseki.blog\/","name":"Kaiseki.blog \u3078\u3088\u3046\u3053\u305d\ud83e\udd17 - Kaiseki.blog\u306b\u3088\u3046\u3053\u305d\ud83e\udd17","isPartOf":{"@id":"https:\/\/kaiseki.blog\/#website"},"primaryImageOfPage":{"@id":"https:\/\/kaiseki.blog\/#primaryimage"},"image":{"@id":"https:\/\/kaiseki.blog\/#primaryimage"},"thumbnailUrl":"https:\/\/kaiseki.blog\/wp-content\/uploads\/2025\/05\/IMG_0135.jpg","datePublished":"2025-05-04T23:08:39+00:00","dateModified":"2025-08-03T10:13:49+00:00","description":"Les festins d'Hissa - Un chef japonais r\u00e9invente la cuisine \u00e0 ParisD\u00e9couvrez l\u2019univers culinaire de Hisayuki Takeuchi \u00e0 travers des recettes in\u00e9dites, sculptures de fruits et ateliers japonais.","breadcrumb":{"@id":"https:\/\/kaiseki.blog\/#breadcrumb"},"inLanguage":"fr-FR","potentialAction":[{"@type":"ReadAction","target":["https:\/\/kaiseki.blog\/"]}]},{"@type":"ImageObject","inLanguage":"fr-FR","@id":"https:\/\/kaiseki.blog\/#primaryimage","url":"https:\/\/kaiseki.blog\/wp-content\/uploads\/2025\/05\/IMG_0135.jpg","contentUrl":"https:\/\/kaiseki.blog\/wp-content\/uploads\/2025\/05\/IMG_0135.jpg","width":1588,"height":1456},{"@type":"BreadcrumbList","@id":"https:\/\/kaiseki.blog\/#breadcrumb","itemListElement":[{"@type":"ListItem","position":1,"name":"Accueil","item":"https:\/\/kaiseki.blog\/"},{"@type":"ListItem","position":2,"name":"Kaiseki.blog \u3078\u3088\u3046\u3053\u305d\ud83e\udd17"}]},{"@type":"WebSite","@id":"https:\/\/kaiseki.blog\/#website","url":"https:\/\/kaiseki.blog\/","name":"Kaiseki.blog","description":"Long\u00e9vit\u00e9-Bonheur !","publisher":{"@id":"https:\/\/kaiseki.blog\/#organization"},"potentialAction":[{"@type":"SearchAction","target":{"@type":"EntryPoint","urlTemplate":"https:\/\/kaiseki.blog\/?s={search_term_string}"},"query-input":{"@type":"PropertyValueSpecification","valueRequired":true,"valueName":"search_term_string"}}],"inLanguage":"fr-FR"},{"@type":"Organization","@id":"https:\/\/kaiseki.blog\/#organization","name":"Kaiseki.blog","url":"https:\/\/kaiseki.blog\/","logo":{"@type":"ImageObject","inLanguage":"fr-FR","@id":"https:\/\/kaiseki.blog\/#\/schema\/logo\/image\/","url":"http:\/\/kaiseki.blog\/wp-content\/uploads\/2025\/05\/logoZaza.png","contentUrl":"http:\/\/kaiseki.blog\/wp-content\/uploads\/2025\/05\/logoZaza.png","width":559,"height":571,"caption":"Kaiseki.blog"},"image":{"@id":"https:\/\/kaiseki.blog\/#\/schema\/logo\/image\/"}}]}},"_links":{"self":[{"href":"https:\/\/kaiseki.blog\/index.php\/wp-json\/wp\/v2\/pages\/2","targetHints":{"allow":["GET"]}}],"collection":[{"href":"https:\/\/kaiseki.blog\/index.php\/wp-json\/wp\/v2\/pages"}],"about":[{"href":"https:\/\/kaiseki.blog\/index.php\/wp-json\/wp\/v2\/types\/page"}],"author":[{"embeddable":true,"href":"https:\/\/kaiseki.blog\/index.php\/wp-json\/wp\/v2\/users\/1"}],"replies":[{"embeddable":true,"href":"https:\/\/kaiseki.blog\/index.php\/wp-json\/wp\/v2\/comments?post=2"}],"version-history":[{"count":29,"href":"https:\/\/kaiseki.blog\/index.php\/wp-json\/wp\/v2\/pages\/2\/revisions"}],"predecessor-version":[{"id":347,"href":"https:\/\/kaiseki.blog\/index.php\/wp-json\/wp\/v2\/pages\/2\/revisions\/347"}],"wp:attachment":[{"href":"https:\/\/kaiseki.blog\/index.php\/wp-json\/wp\/v2\/media?parent=2"}],"curies":[{"name":"wp","href":"https:\/\/api.w.org\/{rel}","templated":true}]}}